{"id":4,"date":"2015-03-12T09:46:58","date_gmt":"2015-03-12T09:46:58","guid":{"rendered":"http:\/\/www.hildegard-goehrum-stiftung.de\/?page_id=4"},"modified":"2021-05-04T19:09:31","modified_gmt":"2021-05-04T19:09:31","slug":"die-stiftung","status":"publish","type":"page","link":"https:\/\/www.hildegard-goehrum-stiftung.de\/","title":{"rendered":"Die Stiftung"},"content":{"rendered":"<p><a href=\"https:\/\/www.hildegard-goehrum-stiftung.de\/wp-content\/uploads\/2016\/07\/Hildegard-f\u00fcr-HGS-homepage-2016.jpg\"><img loading=\"lazy\" decoding=\"async\" class=\"alignnone size-medium wp-image-141\" src=\"https:\/\/www.hildegard-goehrum-stiftung.de\/wp-content\/uploads\/2016\/07\/Hildegard-f\u00fcr-HGS-homepage-2016-300x259.jpg\" alt=\"Hildegard f\u00fcr HGS-homepage 2016\" width=\"300\" height=\"259\" srcset=\"https:\/\/www.hildegard-goehrum-stiftung.de\/wp-content\/uploads\/2016\/07\/Hildegard-f\u00fcr-HGS-homepage-2016-300x259.jpg 300w, https:\/\/www.hildegard-goehrum-stiftung.de\/wp-content\/uploads\/2016\/07\/Hildegard-f\u00fcr-HGS-homepage-2016.jpg 784w\" sizes=\"auto, (max-width: 300px) 100vw, 300px\" \/><\/a><\/p>\n<p>Die Stiftung wurde am 18. Dezember 2006 rechtswirksam gegr\u00fcndet. Die Stiftung f\u00f6rdert das gemeinn\u00fctzige und ehrenamtliche Handeln, insbesondere f\u00fcr \u00e4ltere, kranke, behinderte, alleinstehende und schwache Stuttgarter Mitb\u00fcrger. Die Stiftung unterst\u00fctzt direkt oder indirekt bei der Suche nach geeigneten Hilfspersonen oder -organisationen.<br \/>\nDer Stiftungszweck wird insbesondere auch dadurch verwirklicht, dass der Verein &#8222;<a href=\"http:\/\/vereinigte-hilfen-stuttgart.de\">Vereinigte Hilfen Stuttgart &#8211; WIR F\u00dcR EUCH e.V.<\/a>&#8220; unterst\u00fctzt wird, sowie weitere Organisationen, die dem Zweck der Stiftung dienen.<\/p>\n","protected":false},"excerpt":{"rendered":"<p>Die Stiftung wurde am 18. Dezember 2006 rechtswirksam gegr\u00fcndet. Die Stiftung f\u00f6rdert das gemeinn\u00fctzige und ehrenamtliche Handeln, insbesondere f\u00fcr \u00e4ltere, kranke, behinderte, alleinstehende und schwache Stuttgarter Mitb\u00fcrger. Die Stiftung unterst\u00fctzt direkt oder indirekt bei der Suche nach geeigneten Hilfspersonen oder -organisationen. Der Stiftungszweck wird insbesondere auch dadurch verwirklicht, dass der Verein &#8222;Vereinigte Hilfen Stuttgart &#8211; &hellip; <a href=\"https:\/\/www.hildegard-goehrum-stiftung.de\/\" class=\"more-link\"><span class=\"screen-reader-text\">Die Stiftung<\/span> weiterlesen <span class=\"meta-nav\">&rarr;<\/span><\/a><\/p>\n","protected":false},"author":1,"featured_media":0,"parent":0,"menu_order":0,"comment_status":"closed","ping_status":"closed","template":"","meta":{"footnotes":""},"class_list":["post-4","page","type-page","status-publish","hentry"],"_links":{"self":[{"href":"https:\/\/www.hildegard-goehrum-stiftung.de\/index.php?rest_route=\/wp\/v2\/pages\/4","targetHints":{"allow":["GET"]}}],"collection":[{"href":"https:\/\/www.hildegard-goehrum-stiftung.de\/index.php?rest_route=\/wp\/v2\/pages"}],"about":[{"href":"https:\/\/www.hildegard-goehrum-stiftung.de\/index.php?rest_route=\/wp\/v2\/types\/page"}],"author":[{"embeddable":true,"href":"https:\/\/www.hildegard-goehrum-stiftung.de\/index.php?rest_route=\/wp\/v2\/users\/1"}],"replies":[{"embeddable":true,"href":"https:\/\/www.hildegard-goehrum-stiftung.de\/index.php?rest_route=%2Fwp%2Fv2%2Fcomments&post=4"}],"version-history":[{"count":13,"href":"https:\/\/www.hildegard-goehrum-stiftung.de\/index.php?rest_route=\/wp\/v2\/pages\/4\/revisions"}],"predecessor-version":[{"id":143,"href":"https:\/\/www.hildegard-goehrum-stiftung.de\/index.php?rest_route=\/wp\/v2\/pages\/4\/revisions\/143"}],"wp:attachment":[{"href":"https:\/\/www.hildegard-goehrum-stiftung.de\/index.php?rest_route=%2Fwp%2Fv2%2Fmedia&parent=4"}],"curies":[{"name":"wp","href":"https:\/\/api.w.org\/{rel}","templated":true}]}}