{"id":59,"date":"2015-03-12T13:06:29","date_gmt":"2015-03-12T13:06:29","guid":{"rendered":"http:\/\/www.hildegard-goehrum-stiftung.de\/?page_id=59"},"modified":"2021-10-21T10:07:27","modified_gmt":"2021-10-21T10:07:27","slug":"stiftungsrat","status":"publish","type":"page","link":"https:\/\/www.hildegard-goehrum-stiftung.de\/?page_id=59","title":{"rendered":"Stiftungsrat"},"content":{"rendered":"<p>Der Stiftungsrat \u00fcberwacht als unabh\u00e4ngiges Organ die Einhaltung des Stifterwillens und die Gesch\u00e4ftsf\u00fchrung des Vorstands. Er entscheidet in grunds\u00e4tzlichen Angelegenheiten und unters\u00fctzt den Vorstand.<\/p>\n<p>Dem Stiftungsrat geh\u00f6ren an:<\/p>\n<p>J\u00f6rg Nusser (Vorsitzender)<\/p>\n<p>Maria van Agtmael (stv. Vorsitzende)<\/p>\n<p>Petra G\u00f6hrum<\/p>\n<p>Dr. Hans-Jachim Daiber<\/p>\n<p>Dr. Udo Schiller<\/p>\n<p>Martina Wilhem<\/p>\n","protected":false},"excerpt":{"rendered":"<p>Der Stiftungsrat \u00fcberwacht als unabh\u00e4ngiges Organ die Einhaltung des Stifterwillens und die Gesch\u00e4ftsf\u00fchrung des Vorstands. Er entscheidet in grunds\u00e4tzlichen Angelegenheiten und unters\u00fctzt den Vorstand. Dem Stiftungsrat geh\u00f6ren an: J\u00f6rg Nusser (Vorsitzender) Maria van Agtmael (stv. Vorsitzende) Petra G\u00f6hrum Dr. Hans-Jachim Daiber Dr. Udo Schiller Martina Wilhem<\/p>\n","protected":false},"author":1,"featured_media":0,"parent":0,"menu_order":3,"comment_status":"closed","ping_status":"closed","template":"","meta":{"footnotes":""},"class_list":["post-59","page","type-page","status-publish","hentry"],"_links":{"self":[{"href":"https:\/\/www.hildegard-goehrum-stiftung.de\/index.php?rest_route=\/wp\/v2\/pages\/59","targetHints":{"allow":["GET"]}}],"collection":[{"href":"https:\/\/www.hildegard-goehrum-stiftung.de\/index.php?rest_route=\/wp\/v2\/pages"}],"about":[{"href":"https:\/\/www.hildegard-goehrum-stiftung.de\/index.php?rest_route=\/wp\/v2\/types\/page"}],"author":[{"embeddable":true,"href":"https:\/\/www.hildegard-goehrum-stiftung.de\/index.php?rest_route=\/wp\/v2\/users\/1"}],"replies":[{"embeddable":true,"href":"https:\/\/www.hildegard-goehrum-stiftung.de\/index.php?rest_route=%2Fwp%2Fv2%2Fcomments&post=59"}],"version-history":[{"count":5,"href":"https:\/\/www.hildegard-goehrum-stiftung.de\/index.php?rest_route=\/wp\/v2\/pages\/59\/revisions"}],"predecessor-version":[{"id":386,"href":"https:\/\/www.hildegard-goehrum-stiftung.de\/index.php?rest_route=\/wp\/v2\/pages\/59\/revisions\/386"}],"wp:attachment":[{"href":"https:\/\/www.hildegard-goehrum-stiftung.de\/index.php?rest_route=%2Fwp%2Fv2%2Fmedia&parent=59"}],"curies":[{"name":"wp","href":"https:\/\/api.w.org\/{rel}","templated":true}]}}