{"id":61,"date":"2015-03-12T13:08:05","date_gmt":"2015-03-12T13:08:05","guid":{"rendered":"http:\/\/www.hildegard-goehrum-stiftung.de\/?page_id=61"},"modified":"2016-07-14T07:01:16","modified_gmt":"2016-07-14T07:01:16","slug":"foerderprojekte","status":"publish","type":"page","link":"https:\/\/www.hildegard-goehrum-stiftung.de\/?page_id=61","title":{"rendered":"F\u00f6rderprojekte"},"content":{"rendered":"<ul>\n<li>zwei Plattformwaagen f\u00fcr Stuttgarter Alten- und Pflegeheim zur Erleichterung der Arbeit<\/li>\n<li>Hausnotrufger\u00e4te mit neuer IP-Technik<\/li>\n<li>Umzugshilfe f\u00fcr Hilfsbed\u00fcrftige<\/li>\n<li>Unterst\u00fctzung eines Projekts von &#8222;Femmetastisch&#8220;, einer Initiative des Sozialdienstes Katholischer Frauen e.V.<\/li>\n<li>Unterst\u00fczung eines Projekts der Stuttgarter Vesperkirche e.V.<\/li>\n<li>Unterst\u00fctzung f\u00fcr betagten, kranken und bed\u00fcrftigen B\u00fcrger f\u00fcr ein w\u00fcrdiges Leben zu Hause<\/li>\n<li>Aufwandsentsch\u00e4digung f\u00fcr ehrenamtliche Hilfe bei einem\u00a0kranken B\u00fcrger<\/li>\n<li>Waschmaschine f\u00fcr\u00a0alten, kranken und finanziell schwachen B\u00fcrger<\/li>\n<\/ul>\n","protected":false},"excerpt":{"rendered":"<p>zwei Plattformwaagen f\u00fcr Stuttgarter Alten- und Pflegeheim zur Erleichterung der Arbeit Hausnotrufger\u00e4te mit neuer IP-Technik Umzugshilfe f\u00fcr Hilfsbed\u00fcrftige Unterst\u00fctzung eines Projekts von &#8222;Femmetastisch&#8220;, einer Initiative des Sozialdienstes Katholischer Frauen e.V. Unterst\u00fczung eines Projekts der Stuttgarter Vesperkirche e.V. Unterst\u00fctzung f\u00fcr betagten, kranken und bed\u00fcrftigen B\u00fcrger f\u00fcr ein w\u00fcrdiges Leben zu Hause Aufwandsentsch\u00e4digung f\u00fcr ehrenamtliche Hilfe bei &hellip; <a href=\"https:\/\/www.hildegard-goehrum-stiftung.de\/?page_id=61\" class=\"more-link\"><span class=\"screen-reader-text\">F\u00f6rderprojekte<\/span> weiterlesen <span class=\"meta-nav\">&rarr;<\/span><\/a><\/p>\n","protected":false},"author":1,"featured_media":0,"parent":0,"menu_order":4,"comment_status":"closed","ping_status":"closed","template":"","meta":{"footnotes":""},"class_list":["post-61","page","type-page","status-publish","hentry"],"_links":{"self":[{"href":"https:\/\/www.hildegard-goehrum-stiftung.de\/index.php?rest_route=\/wp\/v2\/pages\/61","targetHints":{"allow":["GET"]}}],"collection":[{"href":"https:\/\/www.hildegard-goehrum-stiftung.de\/index.php?rest_route=\/wp\/v2\/pages"}],"about":[{"href":"https:\/\/www.hildegard-goehrum-stiftung.de\/index.php?rest_route=\/wp\/v2\/types\/page"}],"author":[{"embeddable":true,"href":"https:\/\/www.hildegard-goehrum-stiftung.de\/index.php?rest_route=\/wp\/v2\/users\/1"}],"replies":[{"embeddable":true,"href":"https:\/\/www.hildegard-goehrum-stiftung.de\/index.php?rest_route=%2Fwp%2Fv2%2Fcomments&post=61"}],"version-history":[{"count":6,"href":"https:\/\/www.hildegard-goehrum-stiftung.de\/index.php?rest_route=\/wp\/v2\/pages\/61\/revisions"}],"predecessor-version":[{"id":145,"href":"https:\/\/www.hildegard-goehrum-stiftung.de\/index.php?rest_route=\/wp\/v2\/pages\/61\/revisions\/145"}],"wp:attachment":[{"href":"https:\/\/www.hildegard-goehrum-stiftung.de\/index.php?rest_route=%2Fwp%2Fv2%2Fmedia&parent=61"}],"curies":[{"name":"wp","href":"https:\/\/api.w.org\/{rel}","templated":true}]}}