{"id":63,"date":"2015-03-12T13:11:25","date_gmt":"2015-03-12T13:11:25","guid":{"rendered":"http:\/\/www.hildegard-goehrum-stiftung.de\/?page_id=63"},"modified":"2017-02-14T15:43:44","modified_gmt":"2017-02-14T15:43:44","slug":"spenden-und-zustiftungen","status":"publish","type":"page","link":"https:\/\/www.hildegard-goehrum-stiftung.de\/?page_id=63","title":{"rendered":"Spenden und Zustiftungen"},"content":{"rendered":"<p>Die Hildegard-G\u00f6hrum Stiftung ist eine gemeinn\u00fctzige Stiftung, die Spenden und Zustiftungen empfangen darf; sie\u00a0ist berechtigt, daf\u00fcr steuerlich wirksame Zuwen-dungsbescheinigungen auszustellen.<\/p>\n<p>Die wesentlichen Unterschiede zwischen Spende und Zustiftung sind f\u00fcr<\/p>\n<p><span style=\"text-decoration: underline; color: #0000ff;\">die Stiftung:<\/span><\/p>\n<ul>\n<li><span style=\"color: #0000ff;\">Spenden sind zeitnah (in den auf den Zufluss folgenden 2 Jahren) satzungsgem\u00e4\u00df zu verwenden. \u00a0<\/span><\/li>\n<li><span style=\"color: #0000ff;\">Zustiftungen gehen ins Verm\u00f6gen der Stiftung, es ist ausschlie\u00dflich der Ertrag satzungsgem\u00e4\u00df zu verwenden.<\/span><\/li>\n<\/ul>\n<p><span style=\"text-decoration: underline; color: #000080;\">den Spender\/Stifter:<\/span><\/p>\n<ul>\n<li><span style=\"color: #000080;\">Spenden k\u00f6nnen bis zu 20% des Gesamtbetrages der Eink\u00fcnfte als Sonderausgaben abgezogen werden.<\/span><\/li>\n<li><span style=\"color: #000080;\">Zustiftungen k\u00f6nnen bis zu 1 Mio \u20ac neben dem o.g. Spendenh\u00f6chstbetrag als Sonderausgaben geltend gemacht werden (1 mal in 10 Jahren, oder auf 10 Jahre verteilt, nicht jedoch r\u00fcckwirkend).<\/span><\/li>\n<\/ul>\n<p>&nbsp;<\/p>\n<p>Die Hildegard-G\u00f6hrum-Stiftung freut sich \u00fcber Spenden und Zustiftungen in jeder H\u00f6he, diese werden\u00a0selbstverst\u00e4ndlich direkt und\u00a0satzungsgem\u00e4\u00df verwendet.<\/p>\n<p>Die Kontonummern ver\u00f6ffentlichen wir nicht mehr auf unseren Internetseiten, da sie wiederholt missbr\u00e4uchlich verwendet wurden. Wenn Sie spenden oder zustiften wollen, rufen Sie uns bitte an (0711 818885) . \u00a0Bitte vom Zuwender im Verwendungszweck vermerken, ob der Betrag als\u00a0<span style=\"text-decoration: underline;\">Spende<\/span> oder <span style=\"text-decoration: underline;\">Zustiftung<\/span> verbucht werden\u00a0soll.<\/p>\n","protected":false},"excerpt":{"rendered":"<p>Die Hildegard-G\u00f6hrum Stiftung ist eine gemeinn\u00fctzige Stiftung, die Spenden und Zustiftungen empfangen darf; sie\u00a0ist berechtigt, daf\u00fcr steuerlich wirksame Zuwen-dungsbescheinigungen auszustellen. Die wesentlichen Unterschiede zwischen Spende und Zustiftung sind f\u00fcr die Stiftung: Spenden sind zeitnah (in den auf den Zufluss folgenden 2 Jahren) satzungsgem\u00e4\u00df zu verwenden. \u00a0 Zustiftungen gehen ins Verm\u00f6gen der Stiftung, es ist ausschlie\u00dflich &hellip; <a href=\"https:\/\/www.hildegard-goehrum-stiftung.de\/?page_id=63\" class=\"more-link\"><span class=\"screen-reader-text\">Spenden und Zustiftungen<\/span> weiterlesen <span class=\"meta-nav\">&rarr;<\/span><\/a><\/p>\n","protected":false},"author":1,"featured_media":0,"parent":0,"menu_order":5,"comment_status":"closed","ping_status":"closed","template":"","meta":{"footnotes":""},"class_list":["post-63","page","type-page","status-publish","hentry"],"_links":{"self":[{"href":"https:\/\/www.hildegard-goehrum-stiftung.de\/index.php?rest_route=\/wp\/v2\/pages\/63","targetHints":{"allow":["GET"]}}],"collection":[{"href":"https:\/\/www.hildegard-goehrum-stiftung.de\/index.php?rest_route=\/wp\/v2\/pages"}],"about":[{"href":"https:\/\/www.hildegard-goehrum-stiftung.de\/index.php?rest_route=\/wp\/v2\/types\/page"}],"author":[{"embeddable":true,"href":"https:\/\/www.hildegard-goehrum-stiftung.de\/index.php?rest_route=\/wp\/v2\/users\/1"}],"replies":[{"embeddable":true,"href":"https:\/\/www.hildegard-goehrum-stiftung.de\/index.php?rest_route=%2Fwp%2Fv2%2Fcomments&post=63"}],"version-history":[{"count":3,"href":"https:\/\/www.hildegard-goehrum-stiftung.de\/index.php?rest_route=\/wp\/v2\/pages\/63\/revisions"}],"predecessor-version":[{"id":161,"href":"https:\/\/www.hildegard-goehrum-stiftung.de\/index.php?rest_route=\/wp\/v2\/pages\/63\/revisions\/161"}],"wp:attachment":[{"href":"https:\/\/www.hildegard-goehrum-stiftung.de\/index.php?rest_route=%2Fwp%2Fv2%2Fmedia&parent=63"}],"curies":[{"name":"wp","href":"https:\/\/api.w.org\/{rel}","templated":true}]}}