{"id":69,"date":"2015-03-12T13:20:03","date_gmt":"2015-03-12T13:20:03","guid":{"rendered":"http:\/\/www.hildegard-goehrum-stiftung.de\/?page_id=69"},"modified":"2023-01-24T13:27:48","modified_gmt":"2023-01-24T13:27:48","slug":"impressum","status":"publish","type":"page","link":"https:\/\/www.hildegard-goehrum-stiftung.de\/?page_id=69","title":{"rendered":"Impressum und Datenschutzerkl\u00e4rung"},"content":{"rendered":"<p><strong>Hildegard G\u00f6hrum Stiftung<\/strong><\/p>\n<p>Birkenwaldstr. 140<br \/>\n70191 Stuttgart<br \/>\nTel: (07 11) 81 88 85<br \/>\nFax: (07 11) 85 42 47<br \/>\nB\u00fcrozeiten: Montag bis Freitag von 09:00 bis 13:00 Uhr<\/p>\n<p>In unmittelbarer N\u00e4he befindet sich die Bushaltestelle &#8222;Obere M\u00f6chhalde&#8220; \u00a0 \u00a0 \u00a0 \u00a0 \u00a0 \u00a0 \u00a0 \u00a0 \u00a0 \u00a0 \u00a0 \u00a0 \u00a0 \u00a0 \u00a0 zu erreichen mit der Linie 44<\/p>\n<p>E-Mail direkt:\u00a0<a href=\"mailto:info@hildegard-goehrum-stiftung.de\">info@hildegard-goehrum-stiftung.de<\/a><\/p>\n<p>Internet: <a href=\"http:\/\/www.hildegard-g\u00f6hrum-stiftung.de\">www.hildegard-goehrum-stiftung.de<\/a><\/p>\n<p>Die Hildgard G\u00f6hrum Stiftung ist eine Stiftung des b\u00fcrgerlichen Rechts \u00a0 \u00a0 \u00a0 \u00a0 \u00a0 \u00a0 \u00a0 \u00a0 \u00a0 \u00a0 \u00a0 \u00a0 \u00a0 \u00a0 \u00a0 \u00a0 \u00a0 \u00a0 mit Sitz in Stuttgart.<\/p>\n<p>Die Stiftung ist als gemeinn\u00fctzig\u00a0anerkannt und berechtigt, Zuwendungs-bescheinigungen\u00a0auszustellen. Zust\u00e4ndige Aufsichtsbeh\u00f6rde ist das \u00a0 \u00a0 \u00a0 Regierungspr\u00e4sidium Stuttgart &#8211; Ruppmannstr. 21 &#8211; \u00a070565 Stuttgart<\/p>\n<p><strong>Vorst\u00e4nde:<\/strong><br \/>\nUlrike Wagner (Vorsitzende)<br \/>\nStefan\u00a0 Unterriker<br \/>\nDr. G\u00fcnther Kr\u00e4mer<\/p>\n<p><strong>Stiftungskonto:<\/strong><br \/>\nDie Kontonummern ver\u00f6ffentlichen wir nicht mehr auf unseren Internetseiten, da sie wiederholt missbr\u00e4uchlich verwendet wurden. Wenn Sie spenden oder zustiften wollen, rufen Sie uns bitte an (0711 818885) .<\/p>\n<p><b>Verantwortlicher f\u00fcr journalistisch-redaktionelle Inhalte gem. \u00a7 55 II RstV:<\/b><br \/>\nDr. G\u00fcnther Kr\u00e4mer, \u00a0Dresdenerstr.29, 70794 Filderstadt<\/p>\n","protected":false},"excerpt":{"rendered":"<p>Hildegard G\u00f6hrum Stiftung Birkenwaldstr. 140 70191 Stuttgart Tel: (07 11) 81 88 85 Fax: (07 11) 85 42 47 B\u00fcrozeiten: Montag bis Freitag von 09:00 bis 13:00 Uhr In unmittelbarer N\u00e4he befindet sich die Bushaltestelle &#8222;Obere M\u00f6chhalde&#8220; \u00a0 \u00a0 \u00a0 \u00a0 \u00a0 \u00a0 \u00a0 \u00a0 \u00a0 \u00a0 \u00a0 \u00a0 \u00a0 \u00a0 \u00a0 zu erreichen mit &hellip; <a href=\"https:\/\/www.hildegard-goehrum-stiftung.de\/?page_id=69\" class=\"more-link\"><span class=\"screen-reader-text\">Impressum und Datenschutzerkl\u00e4rung<\/span> weiterlesen <span class=\"meta-nav\">&rarr;<\/span><\/a><\/p>\n","protected":false},"author":1,"featured_media":0,"parent":0,"menu_order":7,"comment_status":"closed","ping_status":"closed","template":"","meta":{"footnotes":""},"class_list":["post-69","page","type-page","status-publish","hentry"],"_links":{"self":[{"href":"https:\/\/www.hildegard-goehrum-stiftung.de\/index.php?rest_route=\/wp\/v2\/pages\/69","targetHints":{"allow":["GET"]}}],"collection":[{"href":"https:\/\/www.hildegard-goehrum-stiftung.de\/index.php?rest_route=\/wp\/v2\/pages"}],"about":[{"href":"https:\/\/www.hildegard-goehrum-stiftung.de\/index.php?rest_route=\/wp\/v2\/types\/page"}],"author":[{"embeddable":true,"href":"https:\/\/www.hildegard-goehrum-stiftung.de\/index.php?rest_route=\/wp\/v2\/users\/1"}],"replies":[{"embeddable":true,"href":"https:\/\/www.hildegard-goehrum-stiftung.de\/index.php?rest_route=%2Fwp%2Fv2%2Fcomments&post=69"}],"version-history":[{"count":10,"href":"https:\/\/www.hildegard-goehrum-stiftung.de\/index.php?rest_route=\/wp\/v2\/pages\/69\/revisions"}],"predecessor-version":[{"id":455,"href":"https:\/\/www.hildegard-goehrum-stiftung.de\/index.php?rest_route=\/wp\/v2\/pages\/69\/revisions\/455"}],"wp:attachment":[{"href":"https:\/\/www.hildegard-goehrum-stiftung.de\/index.php?rest_route=%2Fwp%2Fv2%2Fmedia&parent=69"}],"curies":[{"name":"wp","href":"https:\/\/api.w.org\/{rel}","templated":true}]}}